{"id":20453,"date":"2017-01-05T10:02:34","date_gmt":"2017-01-05T09:02:34","guid":{"rendered":"http:\/\/dev.aitema.it\/esu\/en\/?page_id=20453"},"modified":"2017-01-05T10:24:16","modified_gmt":"2017-01-05T09:24:16","slug":"transparent-administration","status":"publish","type":"page","link":"https:\/\/www.esu.vr.it\/en\/institution-area\/transparent-administration\/","title":{"rendered":"Transparent administration"},"content":{"rendered":"<p>Con il <a class=\"external-link-new-window\" href=\"http:\/\/www.normattiva.it\/uri-res\/N2Ls?urn:nir:stato:decreto.legislativo:2013-03-14;33\" target=\"_blank\">Decreto legislativo n. 33 del 14 marzo 2013<\/a>, tutte le pubbliche amministrazioni devono rendere ancora pi\u00f9 trasparente la loro attivit\u00e0.<\/p>\n<p>In questa sezione potete trovare i link a tutte le attivit\u00e0 per le quali l&#8217;ESU di Verona deve dare tempestiva pubblicazione.<\/p>\n<p>La sezioni e sottosezioni sono in continuo aggiornamento e vengono implementate man mano che i dati, le informazioni e i documenti vengono prodotti dai vari uffici dell&#8217;Azienda.<\/p>\n<h3>Attestazione OIV<\/h3>\n<p>Le attestazioni effettuate dall&#8217;OIV ai sensi dell\u2019art. 14, c. 4, lett. g), del d.lgs. n. 150\/2009 e delle delibere A.N.AC. nn. 50\/2013 e 77\/2013 sono pubblicate nella pagina relativa:<\/p>\n<p><a href=\"http:\/\/www.esu.vr.it\/amm-trasparente\/attestazioni-oiv-o-di-struttura-analoga\/\">Attestazioni OIV o di struttura analoga<\/a><\/p>\n","protected":false},"excerpt":{"rendered":"<p>Con il Decreto legislativo n. 33 del 14 marzo 2013, tutte le pubbliche amministrazioni devono rendere ancora pi\u00f9 trasparente la loro attivit\u00e0. In questa sezione potete trovare i link a tutte le attivit\u00e0 per le quali l&#8217;ESU di Verona deve dare tempestiva pubblicazione. La sezioni e sottosezioni sono in continuo aggiornamento e vengono implementate man [&hellip;]<\/p>\n","protected":false},"author":1,"featured_media":0,"parent":20455,"menu_order":0,"comment_status":"closed","ping_status":"closed","template":"page-trasparente.php","meta":{"footnotes":""},"yoast_head":"<!-- This site is optimized with the Yoast SEO plugin v22.0 - https:\/\/yoast.com\/wordpress\/plugins\/seo\/ -->\n<title>Transparent administration - ESU Verona<\/title>\n<meta name=\"robots\" content=\"index, follow, max-snippet:-1, max-image-preview:large, max-video-preview:-1\" \/>\n<link rel=\"canonical\" href=\"https:\/\/www.esu.vr.it\/en\/institution-area\/transparent-administration\/\" \/>\n<meta property=\"og:locale\" content=\"en_US\" \/>\n<meta property=\"og:type\" content=\"article\" \/>\n<meta property=\"og:title\" content=\"Transparent administration - ESU Verona\" \/>\n<meta property=\"og:description\" content=\"Con il Decreto legislativo n. 33 del 14 marzo 2013, tutte le pubbliche amministrazioni devono rendere ancora pi\u00f9 trasparente la loro attivit\u00e0. In questa sezione potete trovare i link a tutte le attivit\u00e0 per le quali l&#8217;ESU di Verona deve dare tempestiva pubblicazione. La sezioni e sottosezioni sono in continuo aggiornamento e vengono implementate man [&hellip;]\" \/>\n<meta property=\"og:url\" content=\"https:\/\/www.esu.vr.it\/en\/institution-area\/transparent-administration\/\" \/>\n<meta property=\"og:site_name\" content=\"ESU Verona\" \/>\n<meta property=\"article:publisher\" content=\"https:\/\/www.facebook.com\/ESUdiVerona\" \/>\n<meta property=\"article:modified_time\" content=\"2017-01-05T09:24:16+00:00\" \/>\n<meta name=\"twitter:card\" content=\"summary_large_image\" \/>\n<meta name=\"twitter:label1\" content=\"Est. reading time\" \/>\n\t<meta name=\"twitter:data1\" content=\"1 minute\" \/>\n<script type=\"application\/ld+json\" class=\"yoast-schema-graph\">{\"@context\":\"https:\/\/schema.org\",\"@graph\":[{\"@type\":\"WebPage\",\"@id\":\"https:\/\/www.esu.vr.it\/en\/institution-area\/transparent-administration\/\",\"url\":\"https:\/\/www.esu.vr.it\/en\/institution-area\/transparent-administration\/\",\"name\":\"Transparent administration - ESU Verona\",\"isPartOf\":{\"@id\":\"https:\/\/www.esu.vr.it\/#website\"},\"datePublished\":\"2017-01-05T09:02:34+00:00\",\"dateModified\":\"2017-01-05T09:24:16+00:00\",\"breadcrumb\":{\"@id\":\"https:\/\/www.esu.vr.it\/en\/institution-area\/transparent-administration\/#breadcrumb\"},\"inLanguage\":\"en-US\",\"potentialAction\":[{\"@type\":\"ReadAction\",\"target\":[\"https:\/\/www.esu.vr.it\/en\/institution-area\/transparent-administration\/\"]}]},{\"@type\":\"BreadcrumbList\",\"@id\":\"https:\/\/www.esu.vr.it\/en\/institution-area\/transparent-administration\/#breadcrumb\",\"itemListElement\":[{\"@type\":\"ListItem\",\"position\":1,\"name\":\"Home\",\"item\":\"https:\/\/www.esu.vr.it\/en\/\"},{\"@type\":\"ListItem\",\"position\":2,\"name\":\"Institution area\",\"item\":\"https:\/\/www.esu.vr.it\/en\/institution-area\/\"},{\"@type\":\"ListItem\",\"position\":3,\"name\":\"Transparent administration\"}]},{\"@type\":\"WebSite\",\"@id\":\"https:\/\/www.esu.vr.it\/#website\",\"url\":\"https:\/\/www.esu.vr.it\/\",\"name\":\"ESU Verona\",\"description\":\"\",\"potentialAction\":[{\"@type\":\"SearchAction\",\"target\":{\"@type\":\"EntryPoint\",\"urlTemplate\":\"https:\/\/www.esu.vr.it\/?s={search_term_string}\"},\"query-input\":\"required name=search_term_string\"}],\"inLanguage\":\"en-US\"}]}<\/script>\n<!-- \/ Yoast SEO plugin. -->","yoast_head_json":{"title":"Transparent administration - ESU Verona","robots":{"index":"index","follow":"follow","max-snippet":"max-snippet:-1","max-image-preview":"max-image-preview:large","max-video-preview":"max-video-preview:-1"},"canonical":"https:\/\/www.esu.vr.it\/en\/institution-area\/transparent-administration\/","og_locale":"en_US","og_type":"article","og_title":"Transparent administration - ESU Verona","og_description":"Con il Decreto legislativo n. 33 del 14 marzo 2013, tutte le pubbliche amministrazioni devono rendere ancora pi\u00f9 trasparente la loro attivit\u00e0. In questa sezione potete trovare i link a tutte le attivit\u00e0 per le quali l&#8217;ESU di Verona deve dare tempestiva pubblicazione. La sezioni e sottosezioni sono in continuo aggiornamento e vengono implementate man [&hellip;]","og_url":"https:\/\/www.esu.vr.it\/en\/institution-area\/transparent-administration\/","og_site_name":"ESU Verona","article_publisher":"https:\/\/www.facebook.com\/ESUdiVerona","article_modified_time":"2017-01-05T09:24:16+00:00","twitter_card":"summary_large_image","twitter_misc":{"Est. reading time":"1 minute"},"schema":{"@context":"https:\/\/schema.org","@graph":[{"@type":"WebPage","@id":"https:\/\/www.esu.vr.it\/en\/institution-area\/transparent-administration\/","url":"https:\/\/www.esu.vr.it\/en\/institution-area\/transparent-administration\/","name":"Transparent administration - ESU Verona","isPartOf":{"@id":"https:\/\/www.esu.vr.it\/#website"},"datePublished":"2017-01-05T09:02:34+00:00","dateModified":"2017-01-05T09:24:16+00:00","breadcrumb":{"@id":"https:\/\/www.esu.vr.it\/en\/institution-area\/transparent-administration\/#breadcrumb"},"inLanguage":"en-US","potentialAction":[{"@type":"ReadAction","target":["https:\/\/www.esu.vr.it\/en\/institution-area\/transparent-administration\/"]}]},{"@type":"BreadcrumbList","@id":"https:\/\/www.esu.vr.it\/en\/institution-area\/transparent-administration\/#breadcrumb","itemListElement":[{"@type":"ListItem","position":1,"name":"Home","item":"https:\/\/www.esu.vr.it\/en\/"},{"@type":"ListItem","position":2,"name":"Institution area","item":"https:\/\/www.esu.vr.it\/en\/institution-area\/"},{"@type":"ListItem","position":3,"name":"Transparent administration"}]},{"@type":"WebSite","@id":"https:\/\/www.esu.vr.it\/#website","url":"https:\/\/www.esu.vr.it\/","name":"ESU Verona","description":"","potentialAction":[{"@type":"SearchAction","target":{"@type":"EntryPoint","urlTemplate":"https:\/\/www.esu.vr.it\/?s={search_term_string}"},"query-input":"required name=search_term_string"}],"inLanguage":"en-US"}]}},"_links":{"self":[{"href":"https:\/\/www.esu.vr.it\/en\/wp-json\/wp\/v2\/pages\/20453"}],"collection":[{"href":"https:\/\/www.esu.vr.it\/en\/wp-json\/wp\/v2\/pages"}],"about":[{"href":"https:\/\/www.esu.vr.it\/en\/wp-json\/wp\/v2\/types\/page"}],"author":[{"embeddable":true,"href":"https:\/\/www.esu.vr.it\/en\/wp-json\/wp\/v2\/users\/1"}],"replies":[{"embeddable":true,"href":"https:\/\/www.esu.vr.it\/en\/wp-json\/wp\/v2\/comments?post=20453"}],"version-history":[{"count":0,"href":"https:\/\/www.esu.vr.it\/en\/wp-json\/wp\/v2\/pages\/20453\/revisions"}],"up":[{"embeddable":true,"href":"https:\/\/www.esu.vr.it\/en\/wp-json\/wp\/v2\/pages\/20455"}],"wp:attachment":[{"href":"https:\/\/www.esu.vr.it\/en\/wp-json\/wp\/v2\/media?parent=20453"}],"curies":[{"name":"wp","href":"https:\/\/api.w.org\/{rel}","templated":true}]}}