{"id":20455,"date":"2017-01-05T10:10:39","date_gmt":"2017-01-05T09:10:39","guid":{"rendered":"http:\/\/dev.aitema.it\/esu\/en\/?page_id=20455"},"modified":"2017-01-05T10:10:39","modified_gmt":"2017-01-05T09:10:39","slug":"institution-area","status":"publish","type":"page","link":"https:\/\/www.esu.vr.it\/en\/institution-area\/","title":{"rendered":"Institution area"},"content":{"rendered":"<h1>Presentazione<\/h1>\n<p>L&#8217;ESU di Verona nell&#8217;erogare i propri servizi considera centrale la qualit\u00e0 della vita dello studente, nella convinzione che il buon inserimento nel contesto ambientale di cui \u00e8 partecipe ne agevoli anche gli studi.<\/p>\n<p>Per questo, operando ben al di l\u00e0 delle competenze conferite per legge, l&#8217;ESU di Verona mette a disposizione le proprie strutture e il proprio personale, affinch\u00e9 i fruitori dei servizi erogati possano avere la percezione concreta e tangibile dell&#8217;impegno profuso e dell&#8217;eccellenza degli standard qualitativi.<\/p>\n<p>Operativit\u00e0, spirito di iniziativa, buon senso e innovazione non sono per noi termini astratti ma criteri ispiratori del nostro agire.<\/p>\n<p>Anche questa guida ai &#8220;Servizi allo studente&#8221; vuole essere una testimonianza del rapporto che vogliamo mantenere e consolidare tra Enti preposti al Diritto allo Studio e corpo studentesco.<\/p>\n","protected":false},"excerpt":{"rendered":"<p>Presentazione L&#8217;ESU di Verona nell&#8217;erogare i propri servizi considera centrale la qualit\u00e0 della vita dello studente, nella convinzione che il buon inserimento nel contesto ambientale di cui \u00e8 partecipe ne agevoli anche gli studi. Per questo, operando ben al di l\u00e0 delle competenze conferite per legge, l&#8217;ESU di Verona mette a disposizione le proprie strutture [&hellip;]<\/p>\n","protected":false},"author":1,"featured_media":0,"parent":0,"menu_order":0,"comment_status":"closed","ping_status":"closed","template":"page-istituzionale.php","meta":{"footnotes":""},"yoast_head":"<!-- This site is optimized with the Yoast SEO plugin v22.0 - https:\/\/yoast.com\/wordpress\/plugins\/seo\/ -->\n<title>Institution area - ESU Verona<\/title>\n<meta name=\"robots\" content=\"index, follow, max-snippet:-1, max-image-preview:large, max-video-preview:-1\" \/>\n<link rel=\"canonical\" href=\"https:\/\/www.esu.vr.it\/en\/institution-area\/\" \/>\n<meta property=\"og:locale\" content=\"en_US\" \/>\n<meta property=\"og:type\" content=\"article\" \/>\n<meta property=\"og:title\" content=\"Institution area - ESU Verona\" \/>\n<meta property=\"og:description\" content=\"Presentazione L&#8217;ESU di Verona nell&#8217;erogare i propri servizi considera centrale la qualit\u00e0 della vita dello studente, nella convinzione che il buon inserimento nel contesto ambientale di cui \u00e8 partecipe ne agevoli anche gli studi. Per questo, operando ben al di l\u00e0 delle competenze conferite per legge, l&#8217;ESU di Verona mette a disposizione le proprie strutture [&hellip;]\" \/>\n<meta property=\"og:url\" content=\"https:\/\/www.esu.vr.it\/en\/institution-area\/\" \/>\n<meta property=\"og:site_name\" content=\"ESU Verona\" \/>\n<meta property=\"article:publisher\" content=\"https:\/\/www.facebook.com\/ESUdiVerona\" \/>\n<meta name=\"twitter:card\" content=\"summary_large_image\" \/>\n<meta name=\"twitter:label1\" content=\"Est. reading time\" \/>\n\t<meta name=\"twitter:data1\" content=\"1 minute\" \/>\n<script type=\"application\/ld+json\" class=\"yoast-schema-graph\">{\"@context\":\"https:\/\/schema.org\",\"@graph\":[{\"@type\":\"WebPage\",\"@id\":\"https:\/\/www.esu.vr.it\/en\/institution-area\/\",\"url\":\"https:\/\/www.esu.vr.it\/en\/institution-area\/\",\"name\":\"Institution area - ESU Verona\",\"isPartOf\":{\"@id\":\"https:\/\/www.esu.vr.it\/#website\"},\"datePublished\":\"2017-01-05T09:10:39+00:00\",\"dateModified\":\"2017-01-05T09:10:39+00:00\",\"breadcrumb\":{\"@id\":\"https:\/\/www.esu.vr.it\/en\/institution-area\/#breadcrumb\"},\"inLanguage\":\"en-US\",\"potentialAction\":[{\"@type\":\"ReadAction\",\"target\":[\"https:\/\/www.esu.vr.it\/en\/institution-area\/\"]}]},{\"@type\":\"BreadcrumbList\",\"@id\":\"https:\/\/www.esu.vr.it\/en\/institution-area\/#breadcrumb\",\"itemListElement\":[{\"@type\":\"ListItem\",\"position\":1,\"name\":\"Home\",\"item\":\"https:\/\/www.esu.vr.it\/en\/\"},{\"@type\":\"ListItem\",\"position\":2,\"name\":\"Institution area\"}]},{\"@type\":\"WebSite\",\"@id\":\"https:\/\/www.esu.vr.it\/#website\",\"url\":\"https:\/\/www.esu.vr.it\/\",\"name\":\"ESU Verona\",\"description\":\"\",\"potentialAction\":[{\"@type\":\"SearchAction\",\"target\":{\"@type\":\"EntryPoint\",\"urlTemplate\":\"https:\/\/www.esu.vr.it\/?s={search_term_string}\"},\"query-input\":\"required name=search_term_string\"}],\"inLanguage\":\"en-US\"}]}<\/script>\n<!-- \/ Yoast SEO plugin. -->","yoast_head_json":{"title":"Institution area - ESU Verona","robots":{"index":"index","follow":"follow","max-snippet":"max-snippet:-1","max-image-preview":"max-image-preview:large","max-video-preview":"max-video-preview:-1"},"canonical":"https:\/\/www.esu.vr.it\/en\/institution-area\/","og_locale":"en_US","og_type":"article","og_title":"Institution area - ESU Verona","og_description":"Presentazione L&#8217;ESU di Verona nell&#8217;erogare i propri servizi considera centrale la qualit\u00e0 della vita dello studente, nella convinzione che il buon inserimento nel contesto ambientale di cui \u00e8 partecipe ne agevoli anche gli studi. Per questo, operando ben al di l\u00e0 delle competenze conferite per legge, l&#8217;ESU di Verona mette a disposizione le proprie strutture [&hellip;]","og_url":"https:\/\/www.esu.vr.it\/en\/institution-area\/","og_site_name":"ESU Verona","article_publisher":"https:\/\/www.facebook.com\/ESUdiVerona","twitter_card":"summary_large_image","twitter_misc":{"Est. reading time":"1 minute"},"schema":{"@context":"https:\/\/schema.org","@graph":[{"@type":"WebPage","@id":"https:\/\/www.esu.vr.it\/en\/institution-area\/","url":"https:\/\/www.esu.vr.it\/en\/institution-area\/","name":"Institution area - ESU Verona","isPartOf":{"@id":"https:\/\/www.esu.vr.it\/#website"},"datePublished":"2017-01-05T09:10:39+00:00","dateModified":"2017-01-05T09:10:39+00:00","breadcrumb":{"@id":"https:\/\/www.esu.vr.it\/en\/institution-area\/#breadcrumb"},"inLanguage":"en-US","potentialAction":[{"@type":"ReadAction","target":["https:\/\/www.esu.vr.it\/en\/institution-area\/"]}]},{"@type":"BreadcrumbList","@id":"https:\/\/www.esu.vr.it\/en\/institution-area\/#breadcrumb","itemListElement":[{"@type":"ListItem","position":1,"name":"Home","item":"https:\/\/www.esu.vr.it\/en\/"},{"@type":"ListItem","position":2,"name":"Institution area"}]},{"@type":"WebSite","@id":"https:\/\/www.esu.vr.it\/#website","url":"https:\/\/www.esu.vr.it\/","name":"ESU Verona","description":"","potentialAction":[{"@type":"SearchAction","target":{"@type":"EntryPoint","urlTemplate":"https:\/\/www.esu.vr.it\/?s={search_term_string}"},"query-input":"required name=search_term_string"}],"inLanguage":"en-US"}]}},"_links":{"self":[{"href":"https:\/\/www.esu.vr.it\/en\/wp-json\/wp\/v2\/pages\/20455"}],"collection":[{"href":"https:\/\/www.esu.vr.it\/en\/wp-json\/wp\/v2\/pages"}],"about":[{"href":"https:\/\/www.esu.vr.it\/en\/wp-json\/wp\/v2\/types\/page"}],"author":[{"embeddable":true,"href":"https:\/\/www.esu.vr.it\/en\/wp-json\/wp\/v2\/users\/1"}],"replies":[{"embeddable":true,"href":"https:\/\/www.esu.vr.it\/en\/wp-json\/wp\/v2\/comments?post=20455"}],"version-history":[{"count":0,"href":"https:\/\/www.esu.vr.it\/en\/wp-json\/wp\/v2\/pages\/20455\/revisions"}],"wp:attachment":[{"href":"https:\/\/www.esu.vr.it\/en\/wp-json\/wp\/v2\/media?parent=20455"}],"curies":[{"name":"wp","href":"https:\/\/api.w.org\/{rel}","templated":true}]}}