{"id":20478,"date":"2017-01-05T10:18:27","date_gmt":"2017-01-05T09:18:27","guid":{"rendered":"http:\/\/dev.aitema.it\/esu\/en\/?page_id=20478"},"modified":"2019-12-04T14:41:07","modified_gmt":"2019-12-04T13:41:07","slug":"privacy","status":"publish","type":"page","link":"https:\/\/www.esu.vr.it\/en\/institution-area\/transparent-administration\/privacy\/","title":{"rendered":"Privacy"},"content":{"rendered":"<h3>INFORMATIVA SULLA TUTELA DEI DATI PERSONALI<\/h3>\n<h3>Regolamento Generale sulla Protezione dei Dati Personali (di seguito GDPR)<\/h3>\n<p>ESU di Verona (<strong>di seguito \u201cESU\u201d <\/strong>o l\u2019<strong>\u201cAmministrazione\u201d<\/strong>), titolare del trattamento dei dati personali, nello svolgimento della propria attivit\u00e0 pone la massima attenzione alla sicurezza e alla riservatezza dei dati personali degli interessati che fanno richiesta e usufruiscono dei servizi erogati dall\u2019ESU (di seguito anche gli <strong>\u201cStudenti\u201d<\/strong>) attraverso il sito internet <a href=\"http:\/\/www.esu.vr.it\">www.esu.vr.it<\/a> (di seguito anche il <strong>\u201cSito\u201d<\/strong>).<\/p>\n<p>&nbsp;<\/p>\n<p><strong><u>QUALI DATI PERSONALI POSSONO ESSERE RACCOLTI <\/u><\/strong><\/p>\n<p>L\u2019ESU pu\u00f2 raccogliere le seguenti categorie di dati personali, definite anche congiuntamente <strong>Dati Personali,<\/strong> che La riguardano:<\/p>\n<ul>\n<li><strong>Dati di Anagrafici di contatto<\/strong> \u2013 informazioni relative ai dati anagrafici (nome, cognome, data e luogo di nascita, indirizzo, e codice fiscale) e dati di contatto (numero di telefono, numero di cellulare, indirizzo email e numero del documento di identit\u00e0).<\/li>\n<li><strong>Dati relativi ai Recapiti <\/strong>\u2013 informazioni relative alla Sua cittadinanza e residenza.<\/li>\n<li><strong>Dati del Documento di Riconoscimento <\/strong>\u2013 informazioni relative al documento di riconoscimento rilasciato.<\/li>\n<li><strong>Dati di Profilo<\/strong> \u2013 informazioni relative alla bando accademico cui intende partecipare.<\/li>\n<li><strong>Dati relativi all\u2019Iscrizione Universitaria<\/strong> \u2013 informazioni relative al percorso accademico (come ad esempio Universit\u00e0, facolt\u00e0, corso di laurea, numero di matricola) nonch\u00e9 le informazioni relative al merito (come ad esempio il numero di crediti matuati).<\/li>\n<li><strong>Dati relativi allo Status di Studente<\/strong> \u2013 informazioni relative alla condizione di studente fuori sede.<\/li>\n<li><strong>Dati Economici<\/strong> \u2013 informazioni relative alla situazione economica ivi inclusa l\u2019Attestazione ISEE Diritto allo Studio Universitario e relative allo stato dei versamenti delle tasse regionali.<\/li>\n<li><strong>Utilizzo del Sito <\/strong>\u2013 informazioni relative alle modalit\u00e0 con cui utilizza il Sito, apre o inoltra le nostre comunicazioni, incluse le informazioni raccolte tramite cookie (pu\u00f2 trovare la nostra Informativa sui Cookie <a href=\"http:\/\/www.esu.vr.it\/cookie-policy\/\">http:\/\/www.esu.vr.it\/cookie-policy\/<\/a> che ne regola i dettagli).<\/li>\n<\/ul>\n<p>Al fine di erogare taluni dei servizi offerti, l\u2019ESU potrebbe raccogliere anche alcuni dati annoverabili tra le <strong>\u201cCategorie particolari di dati personali\u201d<\/strong> di cui all\u2019art. 9 del GDPR, in particolare i dati relativi alla Sua eventuale disabilit\u00e0, al grado della stessa nonch\u00e9 relativi ad intolleranze alimentari ed allergie rilevanti per il servizio di ristorazione. Tali dati potranno essere trattati esclusivamente nei limiti di quanto previsto dal medesimo articolo 9.<\/p>\n<p>Di seguito, i <strong>Dati Personali<\/strong> e le <strong>Categorie particolari di dati personali <\/strong>saranno definite congiuntamente i \u201c<strong>Suoi Dati\u201d.<\/strong><\/p>\n<p>&nbsp;<\/p>\n<p><strong><u>COME RACCOGLIAMO I SUOI DATI<\/u><\/strong><\/p>\n<p>L\u2019ESU raccoglie e tratta i Suoi Dati attraverso la compilazione da parte Sua dello specifico <em>form<\/em> presente nella sezione dedicata alla richiesta dei servizi compilabile on-line<\/p>\n<p>Se Lei fornisce dati personali per conto di qualcun altro deve assicurarsi, preventivamente, che gli interessati abbiamo preso visione della presente Informativa Privacy.<\/p>\n<p>Le chiediamo, inoltre, di aiutarci a mantenere aggiornati i Suoi Dati, informandoci di qualsiasi modifica.<\/p>\n<p>&nbsp;<\/p>\n<p><strong><u>PER QUALI FINALIT\u00c0 POSSONO ESSERE UTILIZZATI I SUOI DATI PERSONALI<\/u><\/strong><\/p>\n<p>L&#8217;ESU tratta i Suoi Dati in relazione ai servizi offerti attraverso il Sito, esclusivamente per le finalit\u00e0 che rientrano nei compiti istituzionali dell\u2019Amministrazione, come di seguito descritto.<\/p>\n<ul>\n<li><strong>a) Finalit\u00e0 di garantire e promuovere il Diritto allo Studio Universitario<\/strong>, nell\u2019ambito delle competenze affidate all\u2019ESU dalla Regione Veneto (<a href=\"http:\/\/www.consiglioveneto.it\/crvportal\/leggi\/1998\/98lr0008.html\">Legge Regionale n. 8 del 7 aprile 1998<\/a>), fornendo assistenza e sostegno agli studenti universitari mediante l\u2019erogazione di benefici e servizi, tra cui l\u2019ammissione alle residenze e alloggi universitari, l\u2019erogazione di Borse di Studio e prestiti nonch\u00e9 le provvidenze per studenti disabili.<\/li>\n<li><strong>b) Finalit\u00e0 di erogazione di ulteriori servizi, connessi con il Diritto allo Studio Universitario, <\/strong>quali il servizio di ristorazione, orientamento allo studio e al lavoro, consulenza psicologica, tutorato e promozione di attivit\u00e0 culturali e scambi internazionali tra studenti.<\/li>\n<li><strong>c) Invio di newsletter periodiche<\/strong><\/li>\n<\/ul>\n<p style=\"padding-left: 60px;\">Nel caso in cui Lei sia uno studente l\u2019Amministrazione tratter\u00e0 i Suoi dati personali al fine di inviarLe newsletter periodiche, aventi esclusivamente un contenuto di carattere informativo\/istituzionale; nel caso in cui Lei sia un utente occasionale, tale invio sar\u00e0 subordinato all\u2019inserimento della Sua email nell\u2019apposita casella.<\/p>\n<p style=\"padding-left: 60px;\"><u>Presupposto per il trattamento<\/u>: <u>il presupposto per il trattamento<\/u> dei Suoi Dati per le finalit\u00e0 sopra descritte subb. a, b, e c, \u00e8 l\u2019esecuzione di un compito di interesse pubblico. Per l\u2019eventuale trattamento delle Categorie particolari di dati personali che La riguardano non sar\u00e0 necessario il Suo consenso, ai sensi dell\u2019art. 9, comma 2, lett. g) del GDPR.<\/p>\n<p style=\"padding-left: 60px;\">Il conferimento dei Suoi Dati per queste finalit\u00e0 \u00e8 necessario per poter dar corso alla richiesta da Lei formulata compatibili con gli scopi della raccolta; in difetto non potremo darvi corso, fatto salvo l\u2019invio delle newsletter, subordinato al conferimento della email nel caso in cui Lei sia un utente occasionale.<\/p>\n<ul>\n<li><strong>\u00a0<\/strong><strong>d) Conformit\u00e0 alle richieste giuridicamente vincolanti per adempiere un obbligo legale, regolamenti o provvedimenti dell\u2019autorit\u00e0 giudiziaria, nonch\u00e9 per difendere un diritto in sede giudiziaria<\/strong><\/li>\n<\/ul>\n<p>L\u2019ESU potr\u00e0, inoltre, trattare i Suoi Dati per adempiere un obbligo legale e\/o per difendere un proprio diritto in sede giudiziaria.<\/p>\n<p><u>Presupposto per il trattamento<\/u>: adempimento di un obbligo di legge.<\/p>\n<p>&nbsp;<\/p>\n<p><strong><u>COME MANTENIAMO SICURI I SUOI DATI PERSONALI<\/u><\/strong><\/p>\n<p>L\u2019ESU utilizza una vasta gamma di misure di sicurezza al fine di migliorare la protezione e la manutenzione della sicurezza, dell\u2019integrit\u00e0 e dell\u2019accessibilit\u00e0 dei Suoi Dati.<\/p>\n<p>Tutti i Suoi Dati sono conservati sui nostri server sicuri o in copie cartacee sicure, o su quelli dei nostri fornitori o dei nostri partner commerciali, e sono accessibili ed utilizzabili in base ai nostri standard e alle nostre policy di sicurezza (o standard equivalenti per i nostri fornitori o partner commerciali).<\/p>\n<p>&nbsp;<\/p>\n<p><strong><u>PER QUANTO TEMPO CONSERVIAMO I SUOI DATI <\/u><\/strong><\/p>\n<p>Conserviamo i Suoi Dati solo per il conseguimento delle finalit\u00e0 per le quali sono stati raccolti o per qualsiasi altra legittima finalit\u00e0 collegata. Pertanto se gli stessi sono trattati per due differenti finalit\u00e0, conserveremo tali dati fino a che non cesser\u00e0 la finalit\u00e0 con il termine pi\u00f9 lungo, tuttavia non tratteremo pi\u00f9 i Suoi Dati per quella finalit\u00e0 il cui periodo di conservazione sia venuto meno. In particolare, i Suoi Dati saranno conservati per 10 anni dalla cessazione dello <em>status <\/em>di Studente.<\/p>\n<p>Limitiamo l\u2019accesso ai Suoi Dati solamente a coloro che necessitano di utilizzarli per finalit\u00e0 rilevanti.<\/p>\n<p>I Suoi Dati che non siano pi\u00f9 necessari, o per i quali non vi sia pi\u00f9 un presupposto giuridico per la relativa conservazione, vengono anonimizzati irreversibilmente (e in tal modo possono essere conservati) o distrutti in modo sicuro.<\/p>\n<p>&nbsp;<\/p>\n<p><strong><u>CON CHI POSSIAMO CONDIVIDERE I SUOI DATI PERSONALI <\/u><\/strong><\/p>\n<p>Ai Suoi Dati possono avere accesso i dipendenti debitamente autorizzati, nonch\u00e9 i fornitori esterni, nominati, se necessario, responsabili del trattamento, che forniscono supporto per l\u2019erogazione dei servizi tra i quali, in particolare, le societ\u00e0 Markas s.r.l. e Serenissima Ristorazione S.p.a. che forniscono il servizio di ristorazione.<\/p>\n<p>Inoltre, i Suoi Dati potranno essere comunicati, sempre nell\u2019ambito delle attivit\u00e0 istituzionali dell\u2019Amministrazione, all\u2019Universit\u00e0 di iscrizione nonch\u00e9 ad altri enti pubblici quali, in particolare, la Prefettura.<\/p>\n<p>La preghiamo di contattarci [ <a href=\"http:\/\/www.esu.vr.it\/amm-trasparente\/privacy\/\">http:\/\/www.esu.vr.it\/amm-trasparente\/privacy\/<\/a> ], se desidera chiedere di poter visionare la lista dei responsabili del trattamento e degli altri soggetti cui comunichiamo i Suoi Dati.<\/p>\n<p>&nbsp;<\/p>\n<p><strong><u>CONTATTI<\/u><\/strong><\/p>\n<p>I dati di contatto di ESU, quale titolare del trattamento, e del responsabile della protezione dei dati (DPO) sono i seguenti: <a href=\"mailto:segreteria@esu.vr.it\">segreteria@esu.vr.it<\/a>, <a href=\"mailto:dpo@esu.vr.it\">dpo@esu.vr.it<\/a><\/p>\n<p>Qualora avesse domande in merito al trattamento da parte nostra dei Suoi Dati, Le chiediamo di contattare il numero di telefono 045.8052811 o mandare una mail all\u2019indirizzo <a href=\"mailto:dpo@esu.vr.it\">dpo@esu.vr.it<\/a> .<\/p>\n<p>&nbsp;<\/p>\n<p><strong><u>I SUOI DIRITTI IN MATERIA DI PROTEZIONE DEI DATI E IL SUO DIRITTO DI AVANZARE RECLAMI DINNANZI ALL\u2019AUTORIT\u00c0 DI CONTROLLO<\/u><\/strong><\/p>\n<p>A certe condizioni Lei ha il diritto chiederci:<\/p>\n<ul>\n<li>l\u2019accesso ai Suoi dati personali,<\/li>\n<li>la rettifica dei dati in nostro possesso,<\/li>\n<li>la cancellazione di qualsiasi dato per il quale non abbiamo pi\u00f9 alcun presupposto giuridico per il trattamento,<\/li>\n<li>l\u2019opposizione al trattamento ove previsto dalla normativa applicabile,<\/li>\n<li>la limitazione del modo in cui trattiamo i Suoi dati personali, nei limiti previsti dalla normativa a tutela dei dati personali.<\/li>\n<\/ul>\n<p>L\u2019esercizio di tali diritti soggiace ad alcune eccezioni finalizzate alla salvaguardia dell\u2019interesse pubblico (ad esempio la prevenzione o l\u2019identificazione di crimini) e di nostri interessi. Nel caso in cui Lei esercitasse uno qualsiasi dei summenzionati diritti, sar\u00e0 nostro onere verificare che Lei sia legittimato ad esercitarlo e Le daremo riscontro, di regola, entro un mese.<\/p>\n<p>Per eventuali reclami o segnalazioni sulle modalit\u00e0 di trattamento dei Suoi dati faremo ogni sforzo per rispondere alle tue richieste. Tuttavia, se lo desidera, potr\u00e0 inoltrare i Suoi reclami o segnalazioni all\u2019autorit\u00e0 responsabile della protezione dei dati (Garante per la protezione dei dati personali), utilizzando gli estremi reperibili sul sito <a href=\"http:\/\/www.garanteprivacy.it\">www.garanteprivacy.it<\/a> o adire le vie giudiziarie.<\/p>\n<hr \/>\n<h3>Cookie<\/h3>\n<p>Il nostro sito web non fa uso n\u00e8 di cookie di profilazione di prima parte n\u00e8 di cookie di profilazione di terze parti. Eventualmente potranno essere presenti solo cookie tecnici per i quali \u00e8 esposta la <a href=\"http:\/\/www.esu.vr.it\/cookie-policy\/\">seguente informativa<\/a>. Per maggiori informazioni sui cookie visita il sito del Garante della Privacy<\/p>\n<hr \/>\n<h3>DPO &#8211; Responsabile della Protezione dei Dati Personali<\/h3>\n<p>Studio Associato Servizi Professionali Integrati, affidatario del servizio di Responsabile della Protezione dei Dati personali di ESU ai sensi degli artt. 37-39 del Regolamento europeo sulla protezione dei dati n. 679\/2016 (\u201cGDPR\u201d) come da decreto del Direttore di affidamento del\u00a0servizio n. 105 di data 31.05.2018, (\u201cData Protection Officer\u201d o \u201cDPO\u201d).<\/p>\n<p>Contatto: <a href=\"mailto:dpo@esu.vr.it\">dpo@esu.vr.it<\/a><\/p>\n<hr \/>\n<h3>INFORMATIVE<\/h3>\n<p><a href=\"http:\/\/www.esu.vr.it\/html\/uploads\/2018\/12\/ESU-VR_Informativa-Web.pdf\">Informativa Web<\/a><\/p>\n<p><a href=\"http:\/\/www.esu.vr.it\/html\/uploads\/2018\/12\/ESU-VR_Informativa-Cartacea-per-Servizi-ESU.pdf\">Informativa Cartacea per Servizi ESU<\/a><\/p>\n<p><a href=\"http:\/\/www.esu.vr.it\/html\/uploads\/2018\/12\/ESU-VR_Informativa-Cookies.pdf\">Informativa Cookies<\/a><\/p>\n<p><a href=\"http:\/\/www.esu.vr.it\/html\/uploads\/2018\/12\/ESU-VR_Informativa-a-terzi.pdf\">Informativa terzi<\/a><\/p>\n<p>&nbsp;<\/p>\n","protected":false},"excerpt":{"rendered":"<p>INFORMATIVA SULLA TUTELA DEI DATI PERSONALI Regolamento Generale sulla Protezione dei Dati Personali (di seguito GDPR) ESU di Verona (di seguito \u201cESU\u201d o l\u2019\u201cAmministrazione\u201d), titolare del trattamento dei dati personali, nello svolgimento della propria attivit\u00e0 pone la massima attenzione alla sicurezza e alla riservatezza dei dati personali degli interessati che fanno richiesta e usufruiscono dei [&hellip;]<\/p>\n","protected":false},"author":1,"featured_media":0,"parent":20453,"menu_order":0,"comment_status":"closed","ping_status":"closed","template":"page-trasparente.php","meta":{"footnotes":""},"yoast_head":"<!-- This site is optimized with the Yoast SEO plugin v22.0 - https:\/\/yoast.com\/wordpress\/plugins\/seo\/ -->\n<title>Privacy - ESU Verona<\/title>\n<meta name=\"robots\" content=\"index, follow, max-snippet:-1, max-image-preview:large, max-video-preview:-1\" \/>\n<link rel=\"canonical\" href=\"https:\/\/www.esu.vr.it\/en\/institution-area\/transparent-administration\/privacy\/\" \/>\n<meta property=\"og:locale\" content=\"en_US\" \/>\n<meta property=\"og:type\" content=\"article\" \/>\n<meta property=\"og:title\" content=\"Privacy - ESU Verona\" \/>\n<meta property=\"og:description\" content=\"INFORMATIVA SULLA TUTELA DEI DATI PERSONALI Regolamento Generale sulla Protezione dei Dati Personali (di seguito GDPR) ESU di Verona (di seguito \u201cESU\u201d o l\u2019\u201cAmministrazione\u201d), titolare del trattamento dei dati personali, nello svolgimento della propria attivit\u00e0 pone la massima attenzione alla sicurezza e alla riservatezza dei dati personali degli interessati che fanno richiesta e usufruiscono dei [&hellip;]\" \/>\n<meta property=\"og:url\" content=\"https:\/\/www.esu.vr.it\/en\/institution-area\/transparent-administration\/privacy\/\" \/>\n<meta property=\"og:site_name\" content=\"ESU Verona\" \/>\n<meta property=\"article:publisher\" content=\"https:\/\/www.facebook.com\/ESUdiVerona\" \/>\n<meta property=\"article:modified_time\" content=\"2019-12-04T13:41:07+00:00\" \/>\n<meta name=\"twitter:card\" content=\"summary_large_image\" \/>\n<meta name=\"twitter:label1\" content=\"Est. reading time\" \/>\n\t<meta name=\"twitter:data1\" content=\"8 minutes\" \/>\n<script type=\"application\/ld+json\" class=\"yoast-schema-graph\">{\"@context\":\"https:\/\/schema.org\",\"@graph\":[{\"@type\":\"WebPage\",\"@id\":\"https:\/\/www.esu.vr.it\/en\/institution-area\/transparent-administration\/privacy\/\",\"url\":\"https:\/\/www.esu.vr.it\/en\/institution-area\/transparent-administration\/privacy\/\",\"name\":\"Privacy - ESU Verona\",\"isPartOf\":{\"@id\":\"https:\/\/www.esu.vr.it\/#website\"},\"datePublished\":\"2017-01-05T09:18:27+00:00\",\"dateModified\":\"2019-12-04T13:41:07+00:00\",\"breadcrumb\":{\"@id\":\"https:\/\/www.esu.vr.it\/en\/institution-area\/transparent-administration\/privacy\/#breadcrumb\"},\"inLanguage\":\"en-US\",\"potentialAction\":[{\"@type\":\"ReadAction\",\"target\":[\"https:\/\/www.esu.vr.it\/en\/institution-area\/transparent-administration\/privacy\/\"]}]},{\"@type\":\"BreadcrumbList\",\"@id\":\"https:\/\/www.esu.vr.it\/en\/institution-area\/transparent-administration\/privacy\/#breadcrumb\",\"itemListElement\":[{\"@type\":\"ListItem\",\"position\":1,\"name\":\"Home\",\"item\":\"https:\/\/www.esu.vr.it\/en\/\"},{\"@type\":\"ListItem\",\"position\":2,\"name\":\"Institution area\",\"item\":\"https:\/\/www.esu.vr.it\/en\/institution-area\/\"},{\"@type\":\"ListItem\",\"position\":3,\"name\":\"Transparent administration\",\"item\":\"https:\/\/www.esu.vr.it\/en\/institution-area\/transparent-administration\/\"},{\"@type\":\"ListItem\",\"position\":4,\"name\":\"Privacy\"}]},{\"@type\":\"WebSite\",\"@id\":\"https:\/\/www.esu.vr.it\/#website\",\"url\":\"https:\/\/www.esu.vr.it\/\",\"name\":\"ESU Verona\",\"description\":\"\",\"potentialAction\":[{\"@type\":\"SearchAction\",\"target\":{\"@type\":\"EntryPoint\",\"urlTemplate\":\"https:\/\/www.esu.vr.it\/?s={search_term_string}\"},\"query-input\":\"required name=search_term_string\"}],\"inLanguage\":\"en-US\"}]}<\/script>\n<!-- \/ Yoast SEO plugin. -->","yoast_head_json":{"title":"Privacy - ESU Verona","robots":{"index":"index","follow":"follow","max-snippet":"max-snippet:-1","max-image-preview":"max-image-preview:large","max-video-preview":"max-video-preview:-1"},"canonical":"https:\/\/www.esu.vr.it\/en\/institution-area\/transparent-administration\/privacy\/","og_locale":"en_US","og_type":"article","og_title":"Privacy - ESU Verona","og_description":"INFORMATIVA SULLA TUTELA DEI DATI PERSONALI Regolamento Generale sulla Protezione dei Dati Personali (di seguito GDPR) ESU di Verona (di seguito \u201cESU\u201d o l\u2019\u201cAmministrazione\u201d), titolare del trattamento dei dati personali, nello svolgimento della propria attivit\u00e0 pone la massima attenzione alla sicurezza e alla riservatezza dei dati personali degli interessati che fanno richiesta e usufruiscono dei [&hellip;]","og_url":"https:\/\/www.esu.vr.it\/en\/institution-area\/transparent-administration\/privacy\/","og_site_name":"ESU Verona","article_publisher":"https:\/\/www.facebook.com\/ESUdiVerona","article_modified_time":"2019-12-04T13:41:07+00:00","twitter_card":"summary_large_image","twitter_misc":{"Est. reading time":"8 minutes"},"schema":{"@context":"https:\/\/schema.org","@graph":[{"@type":"WebPage","@id":"https:\/\/www.esu.vr.it\/en\/institution-area\/transparent-administration\/privacy\/","url":"https:\/\/www.esu.vr.it\/en\/institution-area\/transparent-administration\/privacy\/","name":"Privacy - ESU Verona","isPartOf":{"@id":"https:\/\/www.esu.vr.it\/#website"},"datePublished":"2017-01-05T09:18:27+00:00","dateModified":"2019-12-04T13:41:07+00:00","breadcrumb":{"@id":"https:\/\/www.esu.vr.it\/en\/institution-area\/transparent-administration\/privacy\/#breadcrumb"},"inLanguage":"en-US","potentialAction":[{"@type":"ReadAction","target":["https:\/\/www.esu.vr.it\/en\/institution-area\/transparent-administration\/privacy\/"]}]},{"@type":"BreadcrumbList","@id":"https:\/\/www.esu.vr.it\/en\/institution-area\/transparent-administration\/privacy\/#breadcrumb","itemListElement":[{"@type":"ListItem","position":1,"name":"Home","item":"https:\/\/www.esu.vr.it\/en\/"},{"@type":"ListItem","position":2,"name":"Institution area","item":"https:\/\/www.esu.vr.it\/en\/institution-area\/"},{"@type":"ListItem","position":3,"name":"Transparent administration","item":"https:\/\/www.esu.vr.it\/en\/institution-area\/transparent-administration\/"},{"@type":"ListItem","position":4,"name":"Privacy"}]},{"@type":"WebSite","@id":"https:\/\/www.esu.vr.it\/#website","url":"https:\/\/www.esu.vr.it\/","name":"ESU Verona","description":"","potentialAction":[{"@type":"SearchAction","target":{"@type":"EntryPoint","urlTemplate":"https:\/\/www.esu.vr.it\/?s={search_term_string}"},"query-input":"required name=search_term_string"}],"inLanguage":"en-US"}]}},"_links":{"self":[{"href":"https:\/\/www.esu.vr.it\/en\/wp-json\/wp\/v2\/pages\/20478"}],"collection":[{"href":"https:\/\/www.esu.vr.it\/en\/wp-json\/wp\/v2\/pages"}],"about":[{"href":"https:\/\/www.esu.vr.it\/en\/wp-json\/wp\/v2\/types\/page"}],"author":[{"embeddable":true,"href":"https:\/\/www.esu.vr.it\/en\/wp-json\/wp\/v2\/users\/1"}],"replies":[{"embeddable":true,"href":"https:\/\/www.esu.vr.it\/en\/wp-json\/wp\/v2\/comments?post=20478"}],"version-history":[{"count":0,"href":"https:\/\/www.esu.vr.it\/en\/wp-json\/wp\/v2\/pages\/20478\/revisions"}],"up":[{"embeddable":true,"href":"https:\/\/www.esu.vr.it\/en\/wp-json\/wp\/v2\/pages\/20453"}],"wp:attachment":[{"href":"https:\/\/www.esu.vr.it\/en\/wp-json\/wp\/v2\/media?parent=20478"}],"curies":[{"name":"wp","href":"https:\/\/api.w.org\/{rel}","templated":true}]}}