{"id":20484,"date":"2017-01-05T10:19:34","date_gmt":"2017-01-05T09:19:34","guid":{"rendered":"http:\/\/dev.aitema.it\/esu\/en\/?page_id=20484"},"modified":"2017-01-05T10:19:34","modified_gmt":"2017-01-05T09:19:34","slug":"surveys","status":"publish","type":"page","link":"https:\/\/www.esu.vr.it\/en\/surveys\/","title":{"rendered":"Surveys"},"content":{"rendered":"<h1>Indagini conoscitive<\/h1>\n<p>Egregio studente,<br \/>\nGentile studentessa,<\/p>\n<p>L&#8217;ESU di Verona, da sempre attenta alle esigenze degli studenti, intende utilizzare i risultati delle indagini sotto proposte quale strumento per migliorare la qualit\u00e0 dei servizi erogati e la propria organizzazione aziendale.<\/p>\n<p>La ringraziamo gi\u00e0 da ora per la Sua preziosa collaborazione e per il tempo che vorr\u00e0 dedicarci.<\/p>\n<p>Le ricordiamo che i questionari sono anonimi, ma sono necessari alcuni dati generici per meglio poter elaborare e valutare i risultati.<\/p>\n<p>Al termine \u00e8 possibile esaminare i risultati dell&#8217;indagine svolta fino ad ora raccolti.<\/p>\n<p>Questionario 1 | <a href=\"https:\/\/docs.google.com\/forms\/d\/e\/1FAIpQLSdDEUeNDCGE4PdDuazE5XhLcCx8UHBIx9NoYMgMKq6Bu3CCIA\/viewform\" target=\"_blank\">Indagine conoscitiva generale<\/a><\/p>\n<p>Questionario 2 | <a href=\"https:\/\/docs.google.com\/forms\/d\/e\/1FAIpQLSc92ZsM4k5p4NfN5N5bgKv14IqlnlUnrDN4djuvnAHpwZh1mw\/viewform\" target=\"_blank\">Sevizio RISTORAZIONE<\/a><\/p>\n<p>Questionario 3 | <a href=\"https:\/\/docs.google.com\/forms\/d\/e\/1FAIpQLSdvxYabb8KE7LfQ6_2n55ltM5mBpjmTZ8Ex_s-r_y-xuRYn7A\/viewform\" target=\"_blank\">Servizio ABITATIVO<\/a><\/p>\n<p>Questionario 4 |<a href=\"https:\/\/docs.google.com\/forms\/d\/e\/1FAIpQLSfl45u2dofsX4sPoYOJZDlFxbDnlaJ6bdcx_o3MtBCkpfQibw\/viewform\" target=\"_blank\"> Servizio AULA INFORMATICA<\/a><\/p>\n","protected":false},"excerpt":{"rendered":"<p>Indagini conoscitive Egregio studente, Gentile studentessa, L&#8217;ESU di Verona, da sempre attenta alle esigenze degli studenti, intende utilizzare i risultati delle indagini sotto proposte quale strumento per migliorare la qualit\u00e0 dei servizi erogati e la propria organizzazione aziendale. La ringraziamo gi\u00e0 da ora per la Sua preziosa collaborazione e per il tempo che vorr\u00e0 dedicarci. [&hellip;]<\/p>\n","protected":false},"author":1,"featured_media":0,"parent":0,"menu_order":0,"comment_status":"closed","ping_status":"closed","template":"page-side-right.php","meta":{"footnotes":""},"yoast_head":"<!-- This site is optimized with the Yoast SEO plugin v22.0 - https:\/\/yoast.com\/wordpress\/plugins\/seo\/ -->\n<title>Surveys - ESU Verona<\/title>\n<meta name=\"robots\" content=\"index, follow, max-snippet:-1, max-image-preview:large, max-video-preview:-1\" \/>\n<link rel=\"canonical\" href=\"https:\/\/www.esu.vr.it\/en\/surveys\/\" \/>\n<meta property=\"og:locale\" content=\"en_US\" \/>\n<meta property=\"og:type\" content=\"article\" \/>\n<meta property=\"og:title\" content=\"Surveys - ESU Verona\" \/>\n<meta property=\"og:description\" content=\"Indagini conoscitive Egregio studente, Gentile studentessa, L&#8217;ESU di Verona, da sempre attenta alle esigenze degli studenti, intende utilizzare i risultati delle indagini sotto proposte quale strumento per migliorare la qualit\u00e0 dei servizi erogati e la propria organizzazione aziendale. La ringraziamo gi\u00e0 da ora per la Sua preziosa collaborazione e per il tempo che vorr\u00e0 dedicarci. [&hellip;]\" \/>\n<meta property=\"og:url\" content=\"https:\/\/www.esu.vr.it\/en\/surveys\/\" \/>\n<meta property=\"og:site_name\" content=\"ESU Verona\" \/>\n<meta property=\"article:publisher\" content=\"https:\/\/www.facebook.com\/ESUdiVerona\" \/>\n<meta name=\"twitter:card\" content=\"summary_large_image\" \/>\n<meta name=\"twitter:label1\" content=\"Est. reading time\" \/>\n\t<meta name=\"twitter:data1\" content=\"1 minute\" \/>\n<script type=\"application\/ld+json\" class=\"yoast-schema-graph\">{\"@context\":\"https:\/\/schema.org\",\"@graph\":[{\"@type\":\"WebPage\",\"@id\":\"https:\/\/www.esu.vr.it\/en\/surveys\/\",\"url\":\"https:\/\/www.esu.vr.it\/en\/surveys\/\",\"name\":\"Surveys - ESU Verona\",\"isPartOf\":{\"@id\":\"https:\/\/www.esu.vr.it\/#website\"},\"datePublished\":\"2017-01-05T09:19:34+00:00\",\"dateModified\":\"2017-01-05T09:19:34+00:00\",\"breadcrumb\":{\"@id\":\"https:\/\/www.esu.vr.it\/en\/surveys\/#breadcrumb\"},\"inLanguage\":\"en-US\",\"potentialAction\":[{\"@type\":\"ReadAction\",\"target\":[\"https:\/\/www.esu.vr.it\/en\/surveys\/\"]}]},{\"@type\":\"BreadcrumbList\",\"@id\":\"https:\/\/www.esu.vr.it\/en\/surveys\/#breadcrumb\",\"itemListElement\":[{\"@type\":\"ListItem\",\"position\":1,\"name\":\"Home\",\"item\":\"https:\/\/www.esu.vr.it\/en\/\"},{\"@type\":\"ListItem\",\"position\":2,\"name\":\"Surveys\"}]},{\"@type\":\"WebSite\",\"@id\":\"https:\/\/www.esu.vr.it\/#website\",\"url\":\"https:\/\/www.esu.vr.it\/\",\"name\":\"ESU Verona\",\"description\":\"\",\"potentialAction\":[{\"@type\":\"SearchAction\",\"target\":{\"@type\":\"EntryPoint\",\"urlTemplate\":\"https:\/\/www.esu.vr.it\/?s={search_term_string}\"},\"query-input\":\"required name=search_term_string\"}],\"inLanguage\":\"en-US\"}]}<\/script>\n<!-- \/ Yoast SEO plugin. -->","yoast_head_json":{"title":"Surveys - ESU Verona","robots":{"index":"index","follow":"follow","max-snippet":"max-snippet:-1","max-image-preview":"max-image-preview:large","max-video-preview":"max-video-preview:-1"},"canonical":"https:\/\/www.esu.vr.it\/en\/surveys\/","og_locale":"en_US","og_type":"article","og_title":"Surveys - ESU Verona","og_description":"Indagini conoscitive Egregio studente, Gentile studentessa, L&#8217;ESU di Verona, da sempre attenta alle esigenze degli studenti, intende utilizzare i risultati delle indagini sotto proposte quale strumento per migliorare la qualit\u00e0 dei servizi erogati e la propria organizzazione aziendale. La ringraziamo gi\u00e0 da ora per la Sua preziosa collaborazione e per il tempo che vorr\u00e0 dedicarci. [&hellip;]","og_url":"https:\/\/www.esu.vr.it\/en\/surveys\/","og_site_name":"ESU Verona","article_publisher":"https:\/\/www.facebook.com\/ESUdiVerona","twitter_card":"summary_large_image","twitter_misc":{"Est. reading time":"1 minute"},"schema":{"@context":"https:\/\/schema.org","@graph":[{"@type":"WebPage","@id":"https:\/\/www.esu.vr.it\/en\/surveys\/","url":"https:\/\/www.esu.vr.it\/en\/surveys\/","name":"Surveys - ESU Verona","isPartOf":{"@id":"https:\/\/www.esu.vr.it\/#website"},"datePublished":"2017-01-05T09:19:34+00:00","dateModified":"2017-01-05T09:19:34+00:00","breadcrumb":{"@id":"https:\/\/www.esu.vr.it\/en\/surveys\/#breadcrumb"},"inLanguage":"en-US","potentialAction":[{"@type":"ReadAction","target":["https:\/\/www.esu.vr.it\/en\/surveys\/"]}]},{"@type":"BreadcrumbList","@id":"https:\/\/www.esu.vr.it\/en\/surveys\/#breadcrumb","itemListElement":[{"@type":"ListItem","position":1,"name":"Home","item":"https:\/\/www.esu.vr.it\/en\/"},{"@type":"ListItem","position":2,"name":"Surveys"}]},{"@type":"WebSite","@id":"https:\/\/www.esu.vr.it\/#website","url":"https:\/\/www.esu.vr.it\/","name":"ESU Verona","description":"","potentialAction":[{"@type":"SearchAction","target":{"@type":"EntryPoint","urlTemplate":"https:\/\/www.esu.vr.it\/?s={search_term_string}"},"query-input":"required name=search_term_string"}],"inLanguage":"en-US"}]}},"_links":{"self":[{"href":"https:\/\/www.esu.vr.it\/en\/wp-json\/wp\/v2\/pages\/20484"}],"collection":[{"href":"https:\/\/www.esu.vr.it\/en\/wp-json\/wp\/v2\/pages"}],"about":[{"href":"https:\/\/www.esu.vr.it\/en\/wp-json\/wp\/v2\/types\/page"}],"author":[{"embeddable":true,"href":"https:\/\/www.esu.vr.it\/en\/wp-json\/wp\/v2\/users\/1"}],"replies":[{"embeddable":true,"href":"https:\/\/www.esu.vr.it\/en\/wp-json\/wp\/v2\/comments?post=20484"}],"version-history":[{"count":0,"href":"https:\/\/www.esu.vr.it\/en\/wp-json\/wp\/v2\/pages\/20484\/revisions"}],"wp:attachment":[{"href":"https:\/\/www.esu.vr.it\/en\/wp-json\/wp\/v2\/media?parent=20484"}],"curies":[{"name":"wp","href":"https:\/\/api.w.org\/{rel}","templated":true}]}}